{"id":28,"date":"2023-12-26T14:38:24","date_gmt":"2023-12-26T14:38:24","guid":{"rendered":"https:\/\/happy-l-autoecole.ch\/?page_id=28"},"modified":"2026-01-08T17:40:47","modified_gmt":"2026-01-08T17:40:47","slug":"auto-ecole","status":"publish","type":"page","link":"https:\/\/happy-l-autoecole.ch\/","title":{"rendered":"Auto-\u00e9cole"},"content":{"rendered":"<p>[et_pb_section fb_built=\u00a0\u00bb1&Prime; admin_label=\u00a0\u00bbsection\u00a0\u00bb _builder_version=\u00a0\u00bb4.16&Prime; custom_padding=\u00a0\u00bb31px|||||\u00a0\u00bb global_colors_info=\u00a0\u00bb{}\u00a0\u00bb][et_pb_row _builder_version=\u00a0\u00bb4.24.0&Prime; _module_preset=\u00a0\u00bbdefault\u00a0\u00bb global_colors_info=\u00a0\u00bb{}\u00a0\u00bb][et_pb_column type=\u00a0\u00bb4_4&Prime; _builder_version=\u00a0\u00bb4.24.0&Prime; _module_preset=\u00a0\u00bbdefault\u00a0\u00bb global_colors_info=\u00a0\u00bb{}\u00a0\u00bb][et_pb_image src=\u00a0\u00bbhttps:\/\/happy-l-autoecole.ch\/wp-content\/uploads\/2024\/05\/DSC02780-Copie-scaled.jpg\u00a0\u00bb title_text=\u00a0\u00bbDSC02780 &#8211; Copie\u00a0\u00bb _builder_version=\u00a0\u00bb4.24.0&Prime; _module_preset=\u00a0\u00bbdefault\u00a0\u00bb global_colors_info=\u00a0\u00bb{}\u00a0\u00bb][\/et_pb_image][\/et_pb_column][\/et_pb_row][et_pb_row admin_label=\u00a0\u00bbrow\u00a0\u00bb module_id=\u00a0\u00bbtarif\u00a0\u00bb _builder_version=\u00a0\u00bb4.24.0&Prime; background_size=\u00a0\u00bbinitial\u00a0\u00bb background_position=\u00a0\u00bbtop_left\u00a0\u00bb background_repeat=\u00a0\u00bbrepeat\u00a0\u00bb global_colors_info=\u00a0\u00bb{}\u00a0\u00bb][et_pb_column type=\u00a0\u00bb4_4&Prime; _builder_version=\u00a0\u00bb4.16&Prime; custom_padding=\u00a0\u00bb|||\u00a0\u00bb global_colors_info=\u00a0\u00bb{}\u00a0\u00bb custom_padding__hover=\u00a0\u00bb|||\u00a0\u00bb][et_pb_text _builder_version=\u00a0\u00bb4.24.0&Prime; _module_preset=\u00a0\u00bbdefault\u00a0\u00bb global_colors_info=\u00a0\u00bb{}\u00a0\u00bb]<\/p>\n<h3><strong>Liste des tarifs<\/strong><\/h3>\n<h2><strong>Inscription et assurance offertes !<\/strong><\/h2>\n<p>[\/et_pb_text][et_pb_pricing_tables featured_table_bullet_color=\u00a0\u00bbRGBA(255,255,255,0)\u00a0\u00bb bullet_color=\u00a0\u00bbRGBA(255,255,255,0)\u00a0\u00bb featured_table_price_background_color=\u00a0\u00bb#f4f4f4&Prime; featured_table_price_color=\u00a0\u00bb#e82e8a\u00a0\u00bb price_background_color=\u00a0\u00bb#f4f4f4&Prime; _builder_version=\u00a0\u00bb4.24.0&Prime; _module_preset=\u00a0\u00bbdefault\u00a0\u00bb price_text_color=\u00a0\u00bb#e82e8a\u00a0\u00bb header_font_size=\u00a0\u00bb20px\u00a0\u00bb subheader_font_size=\u00a0\u00bb12px\u00a0\u00bb price_font=\u00a0\u00bb|700|||||||\u00a0\u00bb price_font_size=\u00a0\u00bb54px\u00a0\u00bb background_color=\u00a0\u00bbRGBA(255,255,255,0)\u00a0\u00bb custom_margin=\u00a0\u00bb||||false|false\u00a0\u00bb custom_padding=\u00a0\u00bb||||false|false\u00a0\u00bb hover_enabled=\u00a0\u00bb0&Prime; border_width_all=\u00a0\u00bb5px\u00a0\u00bb border_color_all=\u00a0\u00bbRGBA(255,255,255,0)\u00a0\u00bb global_colors_info=\u00a0\u00bb{}\u00a0\u00bb sticky_enabled=\u00a0\u00bb0&Prime;][et_pb_pricing_table title=\u00a0\u00bbPratique Voiture\u00a0\u00bb subtitle=\u00a0\u00bbManuelle ou automatique\u00a0\u00bb currency=\u00a0\u00bbD\u00e8s CHF\u00a0\u00bb per=\u00a0\u00bb50min\u00a0\u00bb sum=\u00a0\u00bb95.-\u00a0\u00bb header_background_color=\u00a0\u00bb#2581c4&Prime; _builder_version=\u00a0\u00bb4.24.0&Prime; _module_preset=\u00a0\u00bbdefault\u00a0\u00bb custom_padding=\u00a0\u00bb||||false|false\u00a0\u00bb hover_enabled=\u00a0\u00bb0&Prime; global_colors_info=\u00a0\u00bb{}\u00a0\u00bb sticky_transition=\u00a0\u00bbon\u00a0\u00bb sticky_enabled=\u00a0\u00bb0&Prime;]<\/p>\n<p>1 le\u00e7on simple\u00a0 100.- (50 min)<\/p>\n<p>1 le\u00e7on et demi 150.- (75 min)<\/p>\n<p>1 le\u00e7on double 200.- (100 min)<\/p>\n<p>Forfait 5 le\u00e7ons 490.-<\/p>\n<p>Forfait 7 le\u00e7ons 680.-<\/p>\n<p>Forfait 10 le\u00e7ons 960.-<\/p>\n<p>Forfait 15 le\u00e7ons 1450.-<\/p>\n<p>Forfait 20 le\u00e7ons 1900.-<\/p>\n<p>Forfait examen pratique 200.-<\/p>\n<p>En optant pour un forfait, les le\u00e7ons sont d\u00e9compt\u00e9es selon leur dur\u00e9e, \u00e0 raison d\u2019une le\u00e7on \u00e9quivalente \u00e0 50 minutes.<\/p>\n<p>[\/et_pb_pricing_table][et_pb_pricing_table title=\u00a0\u00bbCours th\u00e9orique\u00a0\u00bb subtitle=\u00a0\u00bbEn pr\u00e9sentielle ou par visio (zoom, teams, whatsapp)\u00a0\u00bb currency=\u00a0\u00bb CHF\u00a0\u00bb per=\u00a0\u00bb60min\u00a0\u00bb sum=\u00a0\u00bb50.-\u00a0\u00bb header_background_color=\u00a0\u00bb#2581c4&Prime; _builder_version=\u00a0\u00bb4.24.0&Prime; _module_preset=\u00a0\u00bbdefault\u00a0\u00bb custom_button=\u00a0\u00bbon\u00a0\u00bb button_text_color=\u00a0\u00bb#2581c4&Prime; global_colors_info=\u00a0\u00bb{}\u00a0\u00bb sticky_transition=\u00a0\u00bbon\u00a0\u00bb][\/et_pb_pricing_table][\/et_pb_pricing_tables][et_pb_pricing_tables featured_table_bullet_color=\u00a0\u00bbRGBA(255,255,255,0)\u00a0\u00bb bullet_color=\u00a0\u00bbRGBA(255,255,255,0)\u00a0\u00bb featured_table_price_background_color=\u00a0\u00bb#f4f4f4&Prime; featured_table_price_color=\u00a0\u00bb#e82e8a\u00a0\u00bb price_background_color=\u00a0\u00bb#f4f4f4&Prime; _builder_version=\u00a0\u00bb4.24.0&Prime; _module_preset=\u00a0\u00bbdefault\u00a0\u00bb price_text_color=\u00a0\u00bb#e82e8a\u00a0\u00bb header_font_size=\u00a0\u00bb20px\u00a0\u00bb subheader_font_size=\u00a0\u00bb12px\u00a0\u00bb price_font=\u00a0\u00bb|700|||||||\u00a0\u00bb price_font_size=\u00a0\u00bb54px\u00a0\u00bb background_color=\u00a0\u00bbRGBA(255,255,255,0)\u00a0\u00bb custom_margin=\u00a0\u00bb||||false|false\u00a0\u00bb custom_padding=\u00a0\u00bb||||false|false\u00a0\u00bb hover_enabled=\u00a0\u00bb0&Prime; border_width_all=\u00a0\u00bb5px\u00a0\u00bb border_color_all=\u00a0\u00bbRGBA(255,255,255,0)\u00a0\u00bb global_colors_info=\u00a0\u00bb{}\u00a0\u00bb sticky_enabled=\u00a0\u00bb0&Prime;][et_pb_pricing_table title=\u00a0\u00bbCours de sensibilisation\u00a0\u00bb subtitle=\u00a0\u00bb8 heures obligatoires \u00a0\u00bb currency=\u00a0\u00bb CHF\u00a0\u00bb per=\u00a0\u00bb8h\u00a0\u00bb sum=\u00a0\u00bb220.-\u00a0\u00bb button_url=\u00a0\u00bbhttps:\/\/book.agenda.ch?companyId=13885&Prime; button_text=\u00a0\u00bbDates et r\u00e9servation\u00a0\u00bb header_background_color=\u00a0\u00bb#2581c4&Prime; _builder_version=\u00a0\u00bb4.24.0&Prime; _module_preset=\u00a0\u00bbdefault\u00a0\u00bb custom_button=\u00a0\u00bbon\u00a0\u00bb button_text_color=\u00a0\u00bb#2581c4&Prime; global_colors_info=\u00a0\u00bb{}\u00a0\u00bb sticky_transition=\u00a0\u00bbon\u00a0\u00bb][\/et_pb_pricing_table][et_pb_pricing_table title=\u00a0\u00bbPermis taxi\u00a0\u00bb subtitle=\u00a0\u00bbTPP 121\/122&Prime; currency=\u00a0\u00bbCHF\u00a0\u00bb per=\u00a0\u00bb60 min\u00a0\u00bb sum=\u00a0\u00bb100.-\u00a0\u00bb header_background_color=\u00a0\u00bb#2581c4&Prime; _builder_version=\u00a0\u00bb4.24.0&Prime; _module_preset=\u00a0\u00bbdefault\u00a0\u00bb custom_padding=\u00a0\u00bb||||false|false\u00a0\u00bb global_colors_info=\u00a0\u00bb{}\u00a0\u00bb sticky_transition=\u00a0\u00bbon\u00a0\u00bb][\/et_pb_pricing_table][\/et_pb_pricing_tables][et_pb_pricing_tables featured_table_bullet_color=\u00a0\u00bbRGBA(255,255,255,0)\u00a0\u00bb bullet_color=\u00a0\u00bbRGBA(255,255,255,0)\u00a0\u00bb featured_table_price_background_color=\u00a0\u00bb#f4f4f4&Prime; featured_table_price_color=\u00a0\u00bb#e82e8a\u00a0\u00bb price_background_color=\u00a0\u00bb#f4f4f4&Prime; _builder_version=\u00a0\u00bb4.24.0&Prime; _module_preset=\u00a0\u00bbdefault\u00a0\u00bb price_text_color=\u00a0\u00bb#e82e8a\u00a0\u00bb header_font_size=\u00a0\u00bb20px\u00a0\u00bb subheader_font_size=\u00a0\u00bb12px\u00a0\u00bb price_font=\u00a0\u00bb|700|||||||\u00a0\u00bb price_font_size=\u00a0\u00bb54px\u00a0\u00bb background_color=\u00a0\u00bbRGBA(255,255,255,0)\u00a0\u00bb custom_margin=\u00a0\u00bb||||false|false\u00a0\u00bb custom_padding=\u00a0\u00bb||||false|false\u00a0\u00bb border_width_all=\u00a0\u00bb5px\u00a0\u00bb border_color_all=\u00a0\u00bbRGBA(255,255,255,0)\u00a0\u00bb global_colors_info=\u00a0\u00bb{}\u00a0\u00bb][et_pb_pricing_table title=\u00a0\u00bbCourse de contr\u00f4le\u00a0\u00bb subtitle=\u00a0\u00bbEchange de permis \u00e9trangers\u00a0\u00bb currency=\u00a0\u00bbCHF\u00a0\u00bb per=\u00a0\u00bb60 min\u00a0\u00bb sum=\u00a0\u00bb100.-\u00a0\u00bb header_background_color=\u00a0\u00bb#2581c4&Prime; _builder_version=\u00a0\u00bb4.24.0&Prime; _module_preset=\u00a0\u00bbdefault\u00a0\u00bb custom_padding=\u00a0\u00bb||||false|false\u00a0\u00bb global_colors_info=\u00a0\u00bb{}\u00a0\u00bb sticky_transition=\u00a0\u00bbon\u00a0\u00bb]<\/p>\n<h3 data-start=\"0\" data-end=\"56\">\u00c9change d\u2019un permis de conduire \u00e9tranger en Suisse<\/h3>\n<p data-start=\"58\" data-end=\"247\">Votre permis de conduire \u00e9tranger est valable 12 mois apr\u00e8s votre arriv\u00e9e en Suisse (date sur votre permis de s\u00e9jour). Pass\u00e9 ce d\u00e9lai, son \u00e9change contre un permis suisse est obligatoire.<\/p>\n<p data-start=\"249\" data-end=\"469\">La course de contr\u00f4le est une \u00e9tape essentielle. <strong>En cas d\u2019\u00e9chec, vous devrez recommencer tout le processus<\/strong>. Il est donc recommand\u00e9 de prendre rendez-vous avec une auto-\u00e9cole avant l\u2019inscription pour bien vous pr\u00e9parer.<\/p>\n<p data-start=\"471\" data-end=\"597\" data-is-last-node=\"\" data-is-only-node=\"\">Plus d\u2019informations : <a data-start=\"493\" data-end=\"596\" rel=\"noopener\" target=\"_new\" href=\"https:\/\/www.vs.ch\/web\/scn\/permis-de-conduire-etranger\">Permis de conduire \u00e9tranger \u2013 Canton du Valais<\/a>.<\/p>\n<p data-start=\"839\" data-end=\"998\" data-is-last-node=\"\" data-is-only-node=\"\">[\/et_pb_pricing_table][\/et_pb_pricing_tables][\/et_pb_column][\/et_pb_row][et_pb_row module_id=\u00a0\u00bbobtenirpermis\u00a0\u00bb _builder_version=\u00a0\u00bb4.24.0&Prime; _module_preset=\u00a0\u00bbdefault\u00a0\u00bb global_colors_info=\u00a0\u00bb{}\u00a0\u00bb][et_pb_column type=\u00a0\u00bb4_4&Prime; _builder_version=\u00a0\u00bb4.24.0&Prime; _module_preset=\u00a0\u00bbdefault\u00a0\u00bb global_colors_info=\u00a0\u00bb{}\u00a0\u00bb][et_pb_text _builder_version=\u00a0\u00bb4.24.0&Prime; _module_preset=\u00a0\u00bbdefault\u00a0\u00bb global_colors_info=\u00a0\u00bb{}\u00a0\u00bb]<\/p>\n<h3><strong>Obtenir le permis<\/strong><\/h3>\n<p>[\/et_pb_text][\/et_pb_column][\/et_pb_row][et_pb_row _builder_version=\u00a0\u00bb4.24.0&Prime; _module_preset=\u00a0\u00bbdefault\u00a0\u00bb custom_padding=\u00a0\u00bb0px||0px|||\u00a0\u00bb global_colors_info=\u00a0\u00bb{}\u00a0\u00bb][et_pb_column type=\u00a0\u00bb4_4&Prime; _builder_version=\u00a0\u00bb4.24.0&Prime; _module_preset=\u00a0\u00bbdefault\u00a0\u00bb global_colors_info=\u00a0\u00bb{}\u00a0\u00bb][et_pb_text _builder_version=\u00a0\u00bb4.24.0&Prime; _module_preset=\u00a0\u00bbdefault\u00a0\u00bb min_height=\u00a0\u00bb54.6px\u00a0\u00bb global_colors_info=\u00a0\u00bb{}\u00a0\u00bb]<\/p>\n<p><strong>Vous pouvez me contacter \u00e0 tout moment pour obtenir de l&rsquo;aide et des conseils, ainsi que pour vous fournir les documents n\u00e9cessaires afin de faciliter vos t\u00e2ches administratives.<\/strong><\/p>\n<p>[\/et_pb_text][\/et_pb_column][\/et_pb_row][et_pb_row _builder_version=\u00a0\u00bb4.24.0&Prime; _module_preset=\u00a0\u00bbdefault\u00a0\u00bb global_colors_info=\u00a0\u00bb{}\u00a0\u00bb][et_pb_column type=\u00a0\u00bb4_4&Prime; _builder_version=\u00a0\u00bb4.24.0&Prime; _module_preset=\u00a0\u00bbdefault\u00a0\u00bb global_colors_info=\u00a0\u00bb{}\u00a0\u00bb][et_pb_accordion open_toggle_text_color=\u00a0\u00bb#FFFFFF\u00a0\u00bb open_toggle_background_color=\u00a0\u00bb#E82E8A\u00a0\u00bb closed_toggle_background_color=\u00a0\u00bb#2581C4&Prime; icon_color=\u00a0\u00bb#FFFFFF\u00a0\u00bb use_icon_font_size=\u00a0\u00bbon\u00a0\u00bb icon_font_size=\u00a0\u00bb22px\u00a0\u00bb _builder_version=\u00a0\u00bb4.24.0&Prime; _module_preset=\u00a0\u00bbdefault\u00a0\u00bb toggle_text_color=\u00a0\u00bb#FFFFFF\u00a0\u00bb toggle_level=\u00a0\u00bbh4&Prime; body_text_color=\u00a0\u00bb#FFFFFF\u00a0\u00bb toggle_text_shadow_style=\u00a0\u00bbpreset1&Prime; closed_toggle_text_shadow_style=\u00a0\u00bbpreset1&Prime; global_colors_info=\u00a0\u00bb{}\u00a0\u00bb][et_pb_accordion_item title=\u00a0\u00bbFormation aux premiers secours\u00a0\u00bb open=\u00a0\u00bbon\u00a0\u00bb _builder_version=\u00a0\u00bb4.24.0&Prime; _module_preset=\u00a0\u00bbdefault\u00a0\u00bb global_colors_info=\u00a0\u00bb{}\u00a0\u00bb]<\/p>\n<p>L\u2019attestation de cours de premiers secours est valide pendant 5 ans.<\/p>\n<p>[\/et_pb_accordion_item][et_pb_accordion_item title=\u00a0\u00bbDemande de permis d\u2019\u00e9l\u00e8ve\u00a0\u00bb _builder_version=\u00a0\u00bb4.24.0&Prime; _module_preset=\u00a0\u00bbdefault\u00a0\u00bb global_colors_info=\u00a0\u00bb{}\u00a0\u00bb open=\u00a0\u00bboff\u00a0\u00bb]<\/p>\n<p>Remplissez le formulaire de demande de permis d\u2019\u00e9l\u00e8ve de votre canton de r\u00e9sidence.<\/p>\n<p>Effectuez un contr\u00f4le de la vue chez un opticien agr\u00e9\u00e9.<\/p>\n<p>Joignez une photo passeport en couleur, l\u2019attestation de votre cours de premiers secours et le formulaire rempli.<\/p>\n<p>D\u00e9posez la demande au contr\u00f4le des habitants de votre commune.<\/p>\n<p>Canton du Valais :\u00a0<span style=\"color: #00ffff;\"><a href=\"https:\/\/www.vs.ch\/web\/scn\/permis-de-conduire\" style=\"color: #00ffff;\" target=\"_blank\" rel=\"noopener\">Permis de conduire \u2013 \u2013 vs.ch<\/a><\/span><\/p>\n<p>Canton de Vaud :\u00a0<span style=\"color: #00ffff;\"><a href=\"https:\/\/www.vd.ch\/prestation\/deposer-une-demande-de-permis-deleve-conducteur\" style=\"color: #00ffff;\" target=\"_blank\" rel=\"noopener\">D\u00e9poser une demande de permis d\u2019\u00e9l\u00e8ve conducteur | \u00c9tat de Vaud (vd.ch)<\/a><\/span><\/p>\n<p>[\/et_pb_accordion_item][et_pb_accordion_item title=\u00a0\u00bbExamen th\u00e9orique\u00a0\u00bb _builder_version=\u00a0\u00bb4.24.0&Prime; _module_preset=\u00a0\u00bbdefault\u00a0\u00bb global_colors_info=\u00a0\u00bb{}\u00a0\u00bb open=\u00a0\u00bboff\u00a0\u00bb]<\/p>\n<p>Prenez rendez-vous en ligne pour l&rsquo;examen th\u00e9orique en suivant les instructions du courrier envoy\u00e9 par le service des automobiles.<\/p>\n<p>Contactez le service en cas de besoin pour obtenir une date d\u2019examen.<\/p>\n<p>Apr\u00e8s r\u00e9ussite de l&rsquo;examen, vous recevrez votre permis d\u2019\u00e9l\u00e8ve conducteur.<\/p>\n<p>Rendez-vous\u00a0Canton du Valais\u00a0: <span style=\"color: #00ffff;\"><a href=\"https:\/\/ecari.vs.ch\/ecari-dispoweb\/ui\/app\/init\/#\/conduite\/prive\/login\" style=\"color: #00ffff;\" target=\"_blank\" rel=\"noopener\">DispoWeb vs<\/a><\/span><\/p>\n<p>Rendez-vous Canton de Vaud\u00a0: <span style=\"color: #00ffff;\"><a href=\"https:\/\/www.vd.ch\/prestation\/prendre-un-rendez-vous-pour-lexamen-theorique-de-conduite\" style=\"color: #00ffff;\" target=\"_blank\" rel=\"noopener\">Prendre un rendez-vous pour l&rsquo;examen th\u00e9orique de conduite | \u00c9tat de Vaud (vd.ch)<\/a><\/span><\/p>\n<p>[\/et_pb_accordion_item][et_pb_accordion_item title=\u00a0\u00bbSensibilisation\u00a0\u00bb _builder_version=\u00a0\u00bb4.24.0&Prime; _module_preset=\u00a0\u00bbdefault\u00a0\u00bb global_colors_info=\u00a0\u00bb{}\u00a0\u00bb open=\u00a0\u00bboff\u00a0\u00bb]<\/p>\n<p>Apr\u00e8s avoir r\u00e9ussi l&rsquo;examen th\u00e9orique, suivez 8 heures de cours obligatoires de sensibilisation aux dangers de la circulation routi\u00e8re.<\/p>\n<p><span style=\"color: #00ffff;\"><a href=\"https:\/\/book.agenda.ch?companyId=13885\" target=\"_blank\" rel=\"noopener\" style=\"color: #00ffff;\">Consultez les dates des prochains cours de sensibilisation.<\/a><\/span><\/p>\n<p>[\/et_pb_accordion_item][et_pb_accordion_item title=\u00a0\u00bbPermis d\u2019\u00e9l\u00e8ve conducteur\u00a0\u00bb _builder_version=\u00a0\u00bb4.24.0&Prime; _module_preset=\u00a0\u00bbdefault\u00a0\u00bb global_colors_info=\u00a0\u00bb{}\u00a0\u00bb open=\u00a0\u00bboff\u00a0\u00bb]<\/p>\n<p>Votre permis d\u2019\u00e9l\u00e8ve conducteur sera valide pendant 24 mois.<\/p>\n<p>Vous pourrez conduire en pr\u00e9sence d&rsquo;un accompagnateur \u00e2g\u00e9 d\u2019au moins 23 ans et titulaire d&rsquo;un permis de conduire depuis plus de 3 ans.<\/p>\n<p>[\/et_pb_accordion_item][et_pb_accordion_item title=\u00a0\u00bbCours obligatoire 2-phases\u00a0\u00bb _builder_version=\u00a0\u00bb4.24.0&Prime; _module_preset=\u00a0\u00bbdefault\u00a0\u00bb global_colors_info=\u00a0\u00bb{}\u00a0\u00bb open=\u00a0\u00bboff\u00a0\u00bb]<\/p>\n<p>Apr\u00e8s avoir r\u00e9ussi l&rsquo;examen pratique et obtenu votre permis de conduire \u00e0 l&rsquo;essai, suivez la deuxi\u00e8me phase de formation compl\u00e9mentaire obligatoire, appel\u00e9e \u00ab cours 2 phases \u00bb, dans les 12 mois pour obtenir votre permis d\u00e9finitif.<\/p>\n<p>[\/et_pb_accordion_item][\/et_pb_accordion][\/et_pb_column][\/et_pb_row][et_pb_row module_id=\u00a0\u00bbapropos\u00a0\u00bb _builder_version=\u00a0\u00bb4.24.0&Prime; _module_preset=\u00a0\u00bbdefault\u00a0\u00bb global_colors_info=\u00a0\u00bb{}\u00a0\u00bb][et_pb_column type=\u00a0\u00bb4_4&Prime; _builder_version=\u00a0\u00bb4.24.0&Prime; _module_preset=\u00a0\u00bbdefault\u00a0\u00bb global_colors_info=\u00a0\u00bb{}\u00a0\u00bb][et_pb_team_member image_url=\u00a0\u00bbhttps:\/\/happy-l-autoecole.ch\/wp-content\/uploads\/2024\/05\/DSC02855-scaled.jpg\u00a0\u00bb _builder_version=\u00a0\u00bb4.24.0&Prime; _module_preset=\u00a0\u00bbdefault\u00a0\u00bb global_colors_info=\u00a0\u00bb{}\u00a0\u00bb]<\/p>\n<p data-start=\"0\" data-end=\"241\">Je m&rsquo;appelle Nicolas et je vis \u00e0 St-Maurice (VS). Titulaire du brevet f\u00e9d\u00e9ral de moniteur de conduite et du brevet f\u00e9d\u00e9ral de formateur d\u2019adultes, j\u2019ai \u00e0 c\u0153ur de transformer chaque apprentissage en une exp\u00e9rience positive et enrichissante.<\/p>\n<p data-start=\"243\" data-end=\"453\">Imagine-toi au volant, serein(e) et confiant(e), ma\u00eetrisant chaque situation avec aisance. Mon objectif est de t\u2019aider \u00e0 atteindre cet \u00e9tat en adaptant mon enseignement \u00e0 ton rythme et \u00e0 ta fa\u00e7on d\u2019apprendre.<\/p>\n<p data-start=\"455\" data-end=\"747\">Chaque \u00e9l\u00e8ve est unique, et c\u2019est en mettant l\u2019accent sur tes points forts que nous construirons ensemble ta progression. Gr\u00e2ce \u00e0 une approche personnalis\u00e9e et bienveillante, je t\u2019accompagne pour que chaque s\u00e9ance soit une opportunit\u00e9 de grandir, d\u2019apprendre et de prendre confiance en toi.<\/p>\n<p data-start=\"749\" data-end=\"983\">Au-del\u00e0 des comp\u00e9tences techniques, je t\u2019invite \u00e0 d\u00e9velopper un \u00e9tat d\u2019esprit de conducteur responsable, confiant et conscient des enjeux de la route. Car une conduite s\u00fbre, c\u2019est avant tout une question d\u2019attitude et de perception.<\/p>\n<p data-start=\"985\" data-end=\"1129\">Que tu sois d\u00e9butant ou en qu\u00eate de perfectionnement, je suis l\u00e0 pour t\u2019aider \u00e0 atteindre tes objectifs et \u00e0 faire de ta r\u00e9ussite une r\u00e9alit\u00e9.<\/p>\n<p data-start=\"1131\" data-end=\"1271\" data-is-last-node=\"\" data-is-only-node=\"\">Imagine la satisfaction de ma\u00eetriser la route avec assurance\u2026 Et si on commen\u00e7ait cette aventure ensemble chez <strong data-start=\"1242\" data-end=\"1264\">Happy L Auto-\u00c9cole<\/strong> ?<\/p>\n<p>[\/et_pb_team_member][\/et_pb_column][\/et_pb_row][\/et_pb_section]<\/p>\n","protected":false},"excerpt":{"rendered":"<p>Liste des tarifs Inscription et assurance offertes !1 le\u00e7on simple\u00a0 100.- (50 min) 1 le\u00e7on et demi 150.- (75 min) 1 le\u00e7on double 200.- (100 min) Forfait 5 le\u00e7ons 490.- Forfait 7 le\u00e7ons 680.- Forfait 10 le\u00e7ons 960.- Forfait 15 le\u00e7ons 1450.- Forfait 20 le\u00e7ons 1900.- Forfait examen pratique 200.- En optant pour un forfait, [&hellip;]<\/p>\n","protected":false},"author":1,"featured_media":0,"parent":0,"menu_order":0,"comment_status":"closed","ping_status":"closed","template":"","meta":{"_et_pb_use_builder":"on","_et_pb_old_content":"<style>\/*! elementor - v3.18.0 - 20-12-2023 *\/\r\n.elementor-widget-image{text-align:center}.elementor-widget-image a{display:inline-block}.elementor-widget-image a img[src$=\".svg\"]{width:48px}.elementor-widget-image img{vertical-align:middle;display:inline-block}<\/style>\t\t\t\t\t\t\t\t\t\t\t\t<img width=\"925\" height=\"617\" src=\"https:\/\/happy-l-autoecole.ch\/wp-content\/uploads\/2023\/12\/SoleilCimeEstTintin_0220-1024x683.jpg\" alt=\"\" srcset=\"https:\/\/happy-l-autoecole.ch\/wp-content\/uploads\/2023\/12\/SoleilCimeEstTintin_0220-1024x683.jpg 1024w, https:\/\/happy-l-autoecole.ch\/wp-content\/uploads\/2023\/12\/SoleilCimeEstTintin_0220-300x200.jpg 300w, https:\/\/happy-l-autoecole.ch\/wp-content\/uploads\/2023\/12\/SoleilCimeEstTintin_0220-768x512.jpg 768w, https:\/\/happy-l-autoecole.ch\/wp-content\/uploads\/2023\/12\/SoleilCimeEstTintin_0220-90x60.jpg 90w, https:\/\/happy-l-autoecole.ch\/wp-content\/uploads\/2023\/12\/SoleilCimeEstTintin_0220.jpg 1200w\" sizes=\"(max-width: 925px) 100vw, 925px\" \/>","_et_gb_content_width":"","footnotes":""},"class_list":["post-28","page","type-page","status-publish","hentry"],"_links":{"self":[{"href":"https:\/\/happy-l-autoecole.ch\/index.php?rest_route=\/wp\/v2\/pages\/28","targetHints":{"allow":["GET"]}}],"collection":[{"href":"https:\/\/happy-l-autoecole.ch\/index.php?rest_route=\/wp\/v2\/pages"}],"about":[{"href":"https:\/\/happy-l-autoecole.ch\/index.php?rest_route=\/wp\/v2\/types\/page"}],"author":[{"embeddable":true,"href":"https:\/\/happy-l-autoecole.ch\/index.php?rest_route=\/wp\/v2\/users\/1"}],"replies":[{"embeddable":true,"href":"https:\/\/happy-l-autoecole.ch\/index.php?rest_route=%2Fwp%2Fv2%2Fcomments&post=28"}],"version-history":[{"count":48,"href":"https:\/\/happy-l-autoecole.ch\/index.php?rest_route=\/wp\/v2\/pages\/28\/revisions"}],"predecessor-version":[{"id":591,"href":"https:\/\/happy-l-autoecole.ch\/index.php?rest_route=\/wp\/v2\/pages\/28\/revisions\/591"}],"wp:attachment":[{"href":"https:\/\/happy-l-autoecole.ch\/index.php?rest_route=%2Fwp%2Fv2%2Fmedia&parent=28"}],"curies":[{"name":"wp","href":"https:\/\/api.w.org\/{rel}","templated":true}]}}